{"id":21,"date":"2026-02-10T20:33:05","date_gmt":"2026-02-10T20:33:05","guid":{"rendered":"https:\/\/welldonetest.com\/farfels\/?page_id=21"},"modified":"2026-03-27T19:18:55","modified_gmt":"2026-03-27T19:18:55","slug":"welcome","status":"publish","type":"page","link":"https:\/\/welldonetest.com\/farfels\/welcome\/","title":{"rendered":"Welcome"},"content":{"rendered":"\t\t<div data-elementor-type=\"wp-page\" data-elementor-id=\"21\" class=\"elementor elementor-21\" data-elementor-post-type=\"page\">\n\t\t\t\t<div class=\"elementor-element elementor-element-1ca5ee6 e-flex e-con-boxed e-con e-parent\" data-id=\"1ca5ee6\" data-element_type=\"container\" data-e-type=\"container\">\n\t\t\t\t\t<div class=\"e-con-inner\">\n\t\t\t\t<div class=\"elementor-element elementor-element-41984e1 elementor-widget elementor-widget-heading\" data-id=\"41984e1\" data-element_type=\"widget\" data-e-type=\"widget\" data-widget_type=\"heading.default\">\n\t\t\t\t<div class=\"elementor-widget-container\">\n\t\t\t\t\t<h2 class=\"elementor-heading-title elementor-size-default\">The Rescuse Journey <\/h2>\t\t\t\t<\/div>\n\t\t\t\t<\/div>\n\t\t\t\t\t<\/div>\n\t\t\t\t<\/div>\n\t\t<div class=\"elementor-element elementor-element-c9d1305 e-flex e-con-boxed e-con e-parent\" data-id=\"c9d1305\" data-element_type=\"container\" data-e-type=\"container\">\n\t\t\t\t\t<div class=\"e-con-inner\">\n\t\t<div class=\"elementor-element elementor-element-5ca75b4 e-con-full e-flex e-con e-child\" data-id=\"5ca75b4\" data-element_type=\"container\" data-e-type=\"container\">\n\t\t<div class=\"elementor-element elementor-element-f1fb33a e-con-full e-flex e-con e-child\" data-id=\"f1fb33a\" data-element_type=\"container\" data-e-type=\"container\">\n\t\t\t\t<div class=\"elementor-element elementor-element-a3f62b8 elementor-widget elementor-widget-image\" data-id=\"a3f62b8\" data-element_type=\"widget\" data-e-type=\"widget\" data-widget_type=\"image.default\">\n\t\t\t\t<div class=\"elementor-widget-container\">\n\t\t\t\t\t\t\t\t\t\t\t\t\t\t\t<img fetchpriority=\"high\" decoding=\"async\" width=\"800\" height=\"1008\" src=\"https:\/\/welldonetest.com\/farfels\/wp-content\/uploads\/2026\/03\/Austin-CO-family-KS-813x1024.png\" class=\"attachment-large size-large wp-image-239\" alt=\"\" srcset=\"https:\/\/welldonetest.com\/farfels\/wp-content\/uploads\/2026\/03\/Austin-CO-family-KS-813x1024.png 813w, https:\/\/welldonetest.com\/farfels\/wp-content\/uploads\/2026\/03\/Austin-CO-family-KS-238x300.png 238w, https:\/\/welldonetest.com\/farfels\/wp-content\/uploads\/2026\/03\/Austin-CO-family-KS-768x967.png 768w, https:\/\/welldonetest.com\/farfels\/wp-content\/uploads\/2026\/03\/Austin-CO-family-KS.png 918w\" sizes=\"(max-width: 800px) 100vw, 800px\" \/>\t\t\t\t\t\t\t\t\t\t\t\t\t\t\t<\/div>\n\t\t\t\t<\/div>\n\t\t\t\t<\/div>\n\t\t\t\t<\/div>\n\t\t<div class=\"elementor-element elementor-element-d47e748 e-con-full e-flex e-con e-child\" data-id=\"d47e748\" data-element_type=\"container\" data-e-type=\"container\">\n\t\t\t\t<div class=\"elementor-element elementor-element-4c8cfa3 elementor-widget elementor-widget-text-editor\" data-id=\"4c8cfa3\" data-element_type=\"widget\" data-e-type=\"widget\" data-widget_type=\"text-editor.default\">\n\t\t\t\t<div class=\"elementor-widget-container\">\n\t\t\t\t\t\t\t\t\t<p><span style=\"font-weight: 400;\">Thank you for choosing Farfel\u2019s Rescue and for opening your heart and home to a dog in need. We\u2019re honored to be part of your rescue journey\u00a0 and to connect you with a dog that is an excellent match for your family dynamics and lifestyle.<\/span><\/p><p><span style=\"font-weight: 400;\">Every adoption is the beginning of a wonderful new adventure. Watching your rescue dog settle into your home, learn your routines, and become a vital member of your household is a profound bonding experience that unites family members with their new pup.\u00a0<\/span><\/p><p><span style=\"font-weight: 400;\">Every match made by Farfel&#8217;s Rescue is guided by love, responsibility, and compatibility. Our goal is to always match our dogs with our adopter&#8217;s priorities such as size, energy level and appropriateness for their space and lifestyle. In the end, our goal for both people and their\u00a0 pup is a forever partnership that brings love, fun, silliness and so much joy to both family and their precious rescue dog.\u00a0\u00a0<\/span><\/p><p><span style=\"font-weight: 400;\">\u00a0<\/span><span style=\"font-weight: 400;\">We appreciate your patience as we go through the steps to determine if the dog you&#8217;re interested in will be the best fit for your family. Every match is guided by our experience, information we receive from the originating shelter or rescue and the outcome of\u00a0 each dog&#8217;s temperament testing.<\/span><\/p><p><span style=\"font-weight: 400;\">Thank you for taking the time to share this information with us and for partnering with Farfel\u2019s Rescue to create a wonderful and lasting relationship for your family and your new rescue pup.<\/span><\/p>\t\t\t\t\t\t\t\t<\/div>\n\t\t\t\t<\/div>\n\t\t\t\t<\/div>\n\t\t\t\t\t<\/div>\n\t\t\t\t<\/div>\n\t\t<div class=\"elementor-element elementor-element-b05ddcc e-flex e-con-boxed e-con e-parent\" data-id=\"b05ddcc\" data-element_type=\"container\" data-e-type=\"container\">\n\t\t\t\t\t<div class=\"e-con-inner\">\n\t\t\t\t<div class=\"elementor-element elementor-element-9e4d3d9 elementor-widget-divider--separator-type-pattern elementor-widget-divider--view-line elementor-widget elementor-widget-divider\" data-id=\"9e4d3d9\" data-element_type=\"widget\" data-e-type=\"widget\" data-widget_type=\"divider.default\">\n\t\t\t\t<div class=\"elementor-widget-container\">\n\t\t\t\t\t\t\t<div class=\"elementor-divider\" style=\"--divider-pattern-url: url(&quot;data:image\/svg+xml,%3Csvg xmlns=&#039;http:\/\/www.w3.org\/2000\/svg&#039; preserveAspectRatio=&#039;none&#039; overflow=&#039;visible&#039; height=&#039;100%&#039; viewBox=&#039;0 0 24 24&#039; fill=&#039;none&#039; stroke=&#039;black&#039; stroke-width=&#039;1&#039; stroke-linecap=&#039;square&#039; stroke-miterlimit=&#039;10&#039;%3E%3Cpath d=&#039;M0,21c3.3,0,8.3-0.9,15.7-7.1c6.6-5.4,4.4-9.3,2.4-10.3c-3.4-1.8-7.7,1.3-7.3,8.8C11.2,20,17.1,21,24,21&#039;\/%3E%3C\/svg%3E&quot;);\">\n\t\t\t<span class=\"elementor-divider-separator\">\n\t\t\t\t\t\t<\/span>\n\t\t<\/div>\n\t\t\t\t\t\t<\/div>\n\t\t\t\t<\/div>\n\t\t\t\t\t<\/div>\n\t\t\t\t<\/div>\n\t\t<div class=\"elementor-element elementor-element-cb5311a e-flex e-con-boxed e-con e-parent\" data-id=\"cb5311a\" data-element_type=\"container\" data-e-type=\"container\">\n\t\t\t\t\t<div class=\"e-con-inner\">\n\t\t\t\t<div class=\"elementor-element elementor-element-b66aaf6 elementor-widget elementor-widget-heading\" data-id=\"b66aaf6\" data-element_type=\"widget\" data-e-type=\"widget\" data-widget_type=\"heading.default\">\n\t\t\t\t<div class=\"elementor-widget-container\">\n\t\t\t\t\t<h2 class=\"elementor-heading-title elementor-size-default\">The Adoption Process<\/h2>\t\t\t\t<\/div>\n\t\t\t\t<\/div>\n\t\t\t\t\t<\/div>\n\t\t\t\t<\/div>\n\t\t<div class=\"elementor-element elementor-element-7a57a38 e-flex e-con-boxed e-con e-parent\" data-id=\"7a57a38\" data-element_type=\"container\" data-e-type=\"container\">\n\t\t\t\t\t<div class=\"e-con-inner\">\n\t\t<div class=\"elementor-element elementor-element-f420661 e-con-full e-flex e-con e-child\" data-id=\"f420661\" data-element_type=\"container\" data-e-type=\"container\">\n\t\t\t\t<div class=\"elementor-element elementor-element-a378109 elementor-widget elementor-widget-image\" data-id=\"a378109\" data-element_type=\"widget\" data-e-type=\"widget\" data-widget_type=\"image.default\">\n\t\t\t\t<div class=\"elementor-widget-container\">\n\t\t\t\t\t\t\t\t\t\t\t\t\t\t\t<img decoding=\"async\" width=\"217\" height=\"203\" src=\"https:\/\/welldonetest.com\/farfels\/wp-content\/uploads\/2026\/03\/dog6.png\" class=\"attachment-full size-full wp-image-375\" alt=\"\" \/>\t\t\t\t\t\t\t\t\t\t\t\t\t\t\t<\/div>\n\t\t\t\t<\/div>\n\t\t\t\t<div class=\"elementor-element elementor-element-d6f4551 elementor-widget elementor-widget-text-editor\" data-id=\"d6f4551\" data-element_type=\"widget\" data-e-type=\"widget\" data-widget_type=\"text-editor.default\">\n\t\t\t\t<div class=\"elementor-widget-container\">\n\t\t\t\t\t\t\t\t\t<p>One Week Foster<\/p>\t\t\t\t\t\t\t\t<\/div>\n\t\t\t\t<\/div>\n\t\t\t\t<div class=\"elementor-element elementor-element-e835ead elementor-widget elementor-widget-text-editor\" data-id=\"e835ead\" data-element_type=\"widget\" data-e-type=\"widget\" data-widget_type=\"text-editor.default\">\n\t\t\t\t<div class=\"elementor-widget-container\">\n\t\t\t\t\t\t\t\t\t<p><span style=\"font-weight: 400;\">Since Farfel&#8217;s process is built around creating lasting matches, every adoption begins with a one-week \u201cfoster with the intention of adopting.\u201d This allows your family members and other pets to get to know your new dog in a real-life, home setting. At the end of the foster week, if the dog feels like the perfect addition, the adoption becomes official.\u00a0<\/span><\/p>\t\t\t\t\t\t\t\t<\/div>\n\t\t\t\t<\/div>\n\t\t\t\t<\/div>\n\t\t<div class=\"elementor-element elementor-element-d4a815f e-con-full e-flex e-con e-child\" data-id=\"d4a815f\" data-element_type=\"container\" data-e-type=\"container\">\n\t\t\t\t<div class=\"elementor-element elementor-element-fa2f06d elementor-view-default elementor-widget elementor-widget-icon\" data-id=\"fa2f06d\" data-element_type=\"widget\" data-e-type=\"widget\" data-widget_type=\"icon.default\">\n\t\t\t\t<div class=\"elementor-widget-container\">\n\t\t\t\t\t\t\t<div class=\"elementor-icon-wrapper\">\n\t\t\t<div class=\"elementor-icon\">\n\t\t\t<i aria-hidden=\"true\" class=\"fas fa-arrow-alt-circle-right\"><\/i>\t\t\t<\/div>\n\t\t<\/div>\n\t\t\t\t\t\t<\/div>\n\t\t\t\t<\/div>\n\t\t\t\t<\/div>\n\t\t<div class=\"elementor-element elementor-element-243d2e5 e-con-full e-flex e-con e-child\" data-id=\"243d2e5\" data-element_type=\"container\" data-e-type=\"container\">\n\t\t\t\t<div class=\"elementor-element elementor-element-98b8fb0 elementor-widget elementor-widget-image\" data-id=\"98b8fb0\" data-element_type=\"widget\" data-e-type=\"widget\" data-widget_type=\"image.default\">\n\t\t\t\t<div class=\"elementor-widget-container\">\n\t\t\t\t\t\t\t\t\t\t\t\t\t\t\t<img decoding=\"async\" width=\"263\" height=\"166\" src=\"https:\/\/welldonetest.com\/farfels\/wp-content\/uploads\/2026\/03\/dog5.png\" class=\"attachment-full size-full wp-image-376\" alt=\"\" \/>\t\t\t\t\t\t\t\t\t\t\t\t\t\t\t<\/div>\n\t\t\t\t<\/div>\n\t\t\t\t<div class=\"elementor-element elementor-element-8dde798 elementor-widget elementor-widget-text-editor\" data-id=\"8dde798\" data-element_type=\"widget\" data-e-type=\"widget\" data-widget_type=\"text-editor.default\">\n\t\t\t\t<div class=\"elementor-widget-container\">\n\t\t\t\t\t\t\t\t\t<p>Adoption Application<\/p>\t\t\t\t\t\t\t\t<\/div>\n\t\t\t\t<\/div>\n\t\t\t\t<div class=\"elementor-element elementor-element-856e5fa elementor-widget elementor-widget-text-editor\" data-id=\"856e5fa\" data-element_type=\"widget\" data-e-type=\"widget\" data-widget_type=\"text-editor.default\">\n\t\t\t\t<div class=\"elementor-widget-container\">\n\t\t\t\t\t\t\t\t\t<p><span style=\"font-weight: 400;\">To make it possible to create the very best matches, we ask that every potential adopter complete a Farfel\u2019s Rescue adoption application. Petfinder and Adoptapet applications don&#8217;t provide adequate information for us to truly understand your home, family members, lifestyle, and expectations for your new dog.\u00a0<\/span><\/p><p><span style=\"font-weight: 400;\">As part of our inquiry process, we require both veterinary and personal references, as well as photos of your home and yard. These important details help to ensure your new dog will be safe, comfortable, and set up for success.<\/span><\/p>\t\t\t\t\t\t\t\t<\/div>\n\t\t\t\t<\/div>\n\t\t\t\t<\/div>\n\t\t<div class=\"elementor-element elementor-element-d535e3a e-con-full e-flex e-con e-child\" data-id=\"d535e3a\" data-element_type=\"container\" data-e-type=\"container\">\n\t\t\t\t<div class=\"elementor-element elementor-element-8d00509 elementor-view-default elementor-widget elementor-widget-icon\" data-id=\"8d00509\" data-element_type=\"widget\" data-e-type=\"widget\" data-widget_type=\"icon.default\">\n\t\t\t\t<div class=\"elementor-widget-container\">\n\t\t\t\t\t\t\t<div class=\"elementor-icon-wrapper\">\n\t\t\t<div class=\"elementor-icon\">\n\t\t\t<i aria-hidden=\"true\" class=\"fas fa-arrow-alt-circle-right\"><\/i>\t\t\t<\/div>\n\t\t<\/div>\n\t\t\t\t\t\t<\/div>\n\t\t\t\t<\/div>\n\t\t\t\t<\/div>\n\t\t<div class=\"elementor-element elementor-element-ce7571d e-con-full e-flex e-con e-child\" data-id=\"ce7571d\" data-element_type=\"container\" data-e-type=\"container\">\n\t\t\t\t<div class=\"elementor-element elementor-element-f24b439 elementor-widget elementor-widget-image\" data-id=\"f24b439\" data-element_type=\"widget\" data-e-type=\"widget\" data-widget_type=\"image.default\">\n\t\t\t\t<div class=\"elementor-widget-container\">\n\t\t\t\t\t\t\t\t\t\t\t\t\t\t\t<img loading=\"lazy\" decoding=\"async\" width=\"301\" height=\"227\" src=\"https:\/\/welldonetest.com\/farfels\/wp-content\/uploads\/2026\/03\/dog15.png\" class=\"attachment-full size-full wp-image-378\" alt=\"\" \/>\t\t\t\t\t\t\t\t\t\t\t\t\t\t\t<\/div>\n\t\t\t\t<\/div>\n\t\t\t\t<div class=\"elementor-element elementor-element-bd17b6b elementor-widget elementor-widget-text-editor\" data-id=\"bd17b6b\" data-element_type=\"widget\" data-e-type=\"widget\" data-widget_type=\"text-editor.default\">\n\t\t\t\t<div class=\"elementor-widget-container\">\n\t\t\t\t\t\t\t\t\t<p>Adoption Fee<\/p>\t\t\t\t\t\t\t\t<\/div>\n\t\t\t\t<\/div>\n\t\t\t\t<div class=\"elementor-element elementor-element-9f540a5 elementor-widget elementor-widget-text-editor\" data-id=\"9f540a5\" data-element_type=\"widget\" data-e-type=\"widget\" data-widget_type=\"text-editor.default\">\n\t\t\t\t<div class=\"elementor-widget-container\">\n\t\t\t\t\t\t\t\t\t<p><span style=\"font-weight: 400;\">The adoption fee supports the care, medical preparation, and safe transport of each dog, including temperament testing, vaccinations, spay\/neuter, and any needed medical care prior to adoption. We also provide an excellent-quality designer harness, two weeks of 5 star kibble, CBD supplements, training treats, and poop bags to help you get started on the right foot.\u00a0<\/span><\/p><p><span style=\"font-weight: 400;\">If it turns out not to be the right match, we will gladly welcome the dog back and refund your $695 adoption fee\u2014because finding the best fit is what truly matters.<\/span><\/p>\t\t\t\t\t\t\t\t<\/div>\n\t\t\t\t<\/div>\n\t\t\t\t<\/div>\n\t\t\t\t\t<\/div>\n\t\t\t\t<\/div>\n\t\t<div class=\"elementor-element elementor-element-c502ce5 e-flex e-con-boxed e-con e-parent\" data-id=\"c502ce5\" data-element_type=\"container\" data-e-type=\"container\">\n\t\t\t\t\t<div class=\"e-con-inner\">\n\t\t\t\t<div class=\"elementor-element elementor-element-665e430 elementor-widget-divider--separator-type-pattern elementor-widget-divider--view-line elementor-widget elementor-widget-divider\" data-id=\"665e430\" data-element_type=\"widget\" data-e-type=\"widget\" data-widget_type=\"divider.default\">\n\t\t\t\t<div class=\"elementor-widget-container\">\n\t\t\t\t\t\t\t<div class=\"elementor-divider\" style=\"--divider-pattern-url: url(&quot;data:image\/svg+xml,%3Csvg xmlns=&#039;http:\/\/www.w3.org\/2000\/svg&#039; preserveAspectRatio=&#039;none&#039; overflow=&#039;visible&#039; height=&#039;100%&#039; viewBox=&#039;0 0 24 24&#039; fill=&#039;none&#039; stroke=&#039;black&#039; stroke-width=&#039;1&#039; stroke-linecap=&#039;square&#039; stroke-miterlimit=&#039;10&#039;%3E%3Cpath d=&#039;M0,21c3.3,0,8.3-0.9,15.7-7.1c6.6-5.4,4.4-9.3,2.4-10.3c-3.4-1.8-7.7,1.3-7.3,8.8C11.2,20,17.1,21,24,21&#039;\/%3E%3C\/svg%3E&quot;);\">\n\t\t\t<span class=\"elementor-divider-separator\">\n\t\t\t\t\t\t<\/span>\n\t\t<\/div>\n\t\t\t\t\t\t<\/div>\n\t\t\t\t<\/div>\n\t\t\t\t\t<\/div>\n\t\t\t\t<\/div>\n\t\t<div class=\"elementor-element elementor-element-529a9c2 e-flex e-con-boxed e-con e-parent\" data-id=\"529a9c2\" data-element_type=\"container\" data-e-type=\"container\">\n\t\t\t\t\t<div class=\"e-con-inner\">\n\t\t\t\t<div class=\"elementor-element elementor-element-3809eae elementor-widget elementor-widget-heading\" data-id=\"3809eae\" data-element_type=\"widget\" data-e-type=\"widget\" data-widget_type=\"heading.default\">\n\t\t\t\t<div class=\"elementor-widget-container\">\n\t\t\t\t\t<h2 class=\"elementor-heading-title elementor-size-default\">An International Rescue Story<\/h2>\t\t\t\t<\/div>\n\t\t\t\t<\/div>\n\t\t\t\t\t<\/div>\n\t\t\t\t<\/div>\n\t\t<div class=\"elementor-element elementor-element-9531371 e-flex e-con-boxed e-con e-parent\" data-id=\"9531371\" data-element_type=\"container\" data-e-type=\"container\">\n\t\t\t\t\t<div class=\"e-con-inner\">\n\t\t<div class=\"elementor-element elementor-element-662157c e-con-full e-flex e-con e-child\" data-id=\"662157c\" data-element_type=\"container\" data-e-type=\"container\">\n\t\t<div class=\"elementor-element elementor-element-a2adcb9 e-con-full e-flex e-con e-child\" data-id=\"a2adcb9\" data-element_type=\"container\" data-e-type=\"container\">\n\t\t\t\t<div class=\"elementor-element elementor-element-ac48cc6 elementor-widget elementor-widget-text-editor\" data-id=\"ac48cc6\" data-element_type=\"widget\" data-e-type=\"widget\" data-widget_type=\"text-editor.default\">\n\t\t\t\t<div class=\"elementor-widget-container\">\n\t\t\t\t\t\t\t\t\t<p><span style=\"font-weight: 400;\">Jeff and I first met Ella, a mixed breed hound dog with crazy backward ears, as she scavenged food in downtown Fira, Santorini, Greece. We got the sense that Ella was well-known along restaurant-row for foraging through the trash cans that lined the\u00a0 streets. She was greeted by restaurant workers who smiled their hellos. &#8220;Ella, how are you, old girl?&#8221; or &#8220;It&#8217;s good to see you. I saved a special bone for you Ella Bella.&#8221;<\/span><\/p><p><span style=\"font-weight: 400;\">It was difficult not to feel sad for Ella, living on the streets where cars drove crazily and homeless dogs were often hurt. Doesn\u2019t every dog deserve a family that cherished them?Jeff and I fantasized the possibility of bringing Ella back to the US where she would always be safe, loved and cared for. We wrote it off at the time as a dream that would be too difficult to execute.<\/span><\/p><p><span style=\"font-weight: 400;\">It was at sunrise the following day that we ran into Ella on the street outside our hotel. She stared at us momentarily, then turned and trotted out of sight. It was a moment later when she reappeared as if waiting for us to catch up. We walked a bit faster, following Ella along the narrow path that wound down the famous cliffs of Santorini. We passed grazing animals and tiny homesteads, until the sounds of village life faded and only the rhythmic sounds of the waves crashing against the rocks remained.<\/span><\/p><p><span style=\"font-weight: 400;\">At the base of the cliffs, Ella slipped into the small opening of a cave carved into the rocks barely out of the reach of the sea. There, nestled in a bed of sand and sea grasses, six tiny puppies stirred at the sound of Ella&#8217;s arrival. They yipped their indignation that breakfast was late and happily nursed on Ella&#8217;s warm milk.\u00a0\u00a0<\/span><\/p><p><span style=\"font-weight: 400;\">We moved slowly so as not to startle the little family. After the puppies were satiated and drowsy, Ella gave her blessing for us to hold them as we carefully negotiated the rocky floor of the cave. She seemed somehow to understand that this was a changing moment in her life and the lives of her puppies.\u00a0<\/span><\/p><p><span style=\"font-weight: 400;\">Jeff and I, with arms filled with sleeping puppies, and Ella by our side, made our way back the way we had come. We passed several tiny shacks before arriving at a small cabin where a woman was stirring gruel over a small fire. She smiled a wide toothless grin as she noticed the puppies we were carrying. &#8220;Ko\u00edta ta \u00f3morfa kout\u00e1via,&#8221; she called to her family. Two teenage girls emerged, smiling and reaching their arms out to hold the babies.<\/span><\/p><p><span style=\"font-weight: 400;\">We were fortunate that the daughters, Sophia and Iris, spoke fluent English and couldn&#8217;t wait to cuddle the puppies. Before we knew it, we were making plans with the sisters to foster Ella and the babies until we could put together a plan of attack.<\/span><\/p><p><span style=\"font-weight: 400;\">It was just a few days later that we returned to the cabin. We were greeted by Sophia, Iris and their mom Chloe with hugs as the puppies chewed our toes while Ella looked on. While the fosters lavished the puppies and Ella with love and nourishment, Jeff and I set a rescue in motion that would cross continents. Travel plans were stitched together from the cliffs of Santorini to Athens, on to Frankfurt, and finally across the ocean to Denver. Each leg of the journey carried the promise of new beginnings and the love of families who would cherish these seven perfect beings for the rest of their lives.<\/span><\/p><p><span style=\"font-weight: 400;\">By the time the plane touched down in Denver, Ella and her puppies were no longer the cave-dwellers of the Mediterranean coast. They were beloved travelers, greeted with open arms, teary smiles, and the wonder of a second chance. <\/span><\/p>\t\t\t\t\t\t\t\t<\/div>\n\t\t\t\t<\/div>\n\t\t\t\t<\/div>\n\t\t\t\t<\/div>\n\t\t<div class=\"elementor-element elementor-element-7bda3dd e-con-full e-flex e-con e-child\" data-id=\"7bda3dd\" data-element_type=\"container\" data-e-type=\"container\">\n\t\t\t\t<div class=\"elementor-element elementor-element-f5cdf87 elementor-widget elementor-widget-image\" data-id=\"f5cdf87\" data-element_type=\"widget\" data-e-type=\"widget\" data-widget_type=\"image.default\">\n\t\t\t\t<div class=\"elementor-widget-container\">\n\t\t\t\t\t\t\t\t\t\t\t\t\t\t\t<img loading=\"lazy\" decoding=\"async\" width=\"625\" height=\"673\" src=\"https:\/\/welldonetest.com\/farfels\/wp-content\/uploads\/2026\/03\/Ella-in-Santorini-Greece.jpg\" class=\"attachment-large size-large wp-image-273\" alt=\"\" srcset=\"https:\/\/welldonetest.com\/farfels\/wp-content\/uploads\/2026\/03\/Ella-in-Santorini-Greece.jpg 625w, https:\/\/welldonetest.com\/farfels\/wp-content\/uploads\/2026\/03\/Ella-in-Santorini-Greece-279x300.jpg 279w\" sizes=\"(max-width: 625px) 100vw, 625px\" \/>\t\t\t\t\t\t\t\t\t\t\t\t\t\t\t<\/div>\n\t\t\t\t<\/div>\n\t\t\t\t<div class=\"elementor-element elementor-element-239260e elementor-widget elementor-widget-text-editor\" data-id=\"239260e\" data-element_type=\"widget\" data-e-type=\"widget\" data-widget_type=\"text-editor.default\">\n\t\t\t\t<div class=\"elementor-widget-container\">\n\t\t\t\t\t\t\t\t\t<p><b><i>Ella, Santorini, Greece 2003<\/i><\/b><\/p>\t\t\t\t\t\t\t\t<\/div>\n\t\t\t\t<\/div>\n\t\t\t\t<div class=\"elementor-element elementor-element-222b0d6 elementor-widget elementor-widget-video\" data-id=\"222b0d6\" data-element_type=\"widget\" data-e-type=\"widget\" data-settings=\"{&quot;youtube_url&quot;:&quot;https:\\\/\\\/www.youtube.com\\\/watch?v=OxFlHe2f-JQ&quot;,&quot;lazy_load&quot;:&quot;yes&quot;,&quot;video_type&quot;:&quot;youtube&quot;,&quot;controls&quot;:&quot;yes&quot;}\" data-widget_type=\"video.default\">\n\t\t\t\t<div class=\"elementor-widget-container\">\n\t\t\t\t\t\t\t<div class=\"elementor-wrapper elementor-open-inline\">\n\t\t\t<div class=\"elementor-video\"><\/div>\t\t<\/div>\n\t\t\t\t\t\t<\/div>\n\t\t\t\t<\/div>\n\t\t\t\t<\/div>\n\t\t\t\t\t<\/div>\n\t\t\t\t<\/div>\n\t\t\t\t<\/div>\n\t\t","protected":false},"excerpt":{"rendered":"<p>The Rescuse Journey Thank you for choosing Farfel\u2019s Rescue and for opening your heart and home to a dog in need. We\u2019re honored to be part of your rescue journey\u00a0 and to connect you with a dog that is an excellent match for your family dynamics and lifestyle. Every adoption is the beginning of a [&hellip;]<\/p>\n","protected":false},"author":1,"featured_media":0,"parent":0,"menu_order":0,"comment_status":"closed","ping_status":"closed","template":"","meta":{"footnotes":""},"class_list":["post-21","page","type-page","status-publish","hentry"],"jetpack_sharing_enabled":true,"_links":{"self":[{"href":"https:\/\/welldonetest.com\/farfels\/wp-json\/wp\/v2\/pages\/21","targetHints":{"allow":["GET"]}}],"collection":[{"href":"https:\/\/welldonetest.com\/farfels\/wp-json\/wp\/v2\/pages"}],"about":[{"href":"https:\/\/welldonetest.com\/farfels\/wp-json\/wp\/v2\/types\/page"}],"author":[{"embeddable":true,"href":"https:\/\/welldonetest.com\/farfels\/wp-json\/wp\/v2\/users\/1"}],"replies":[{"embeddable":true,"href":"https:\/\/welldonetest.com\/farfels\/wp-json\/wp\/v2\/comments?post=21"}],"version-history":[{"count":43,"href":"https:\/\/welldonetest.com\/farfels\/wp-json\/wp\/v2\/pages\/21\/revisions"}],"predecessor-version":[{"id":381,"href":"https:\/\/welldonetest.com\/farfels\/wp-json\/wp\/v2\/pages\/21\/revisions\/381"}],"wp:attachment":[{"href":"https:\/\/welldonetest.com\/farfels\/wp-json\/wp\/v2\/media?parent=21"}],"curies":[{"name":"wp","href":"https:\/\/api.w.org\/{rel}","templated":true}]}}